{"id":2382,"date":"2023-09-24T12:21:00","date_gmt":"2023-09-24T12:21:00","guid":{"rendered":"https:\/\/dolcituttalavita.com\/?post_type=product&#038;p=2382"},"modified":"2026-02-23T11:43:34","modified_gmt":"2026-02-23T11:43:34","slug":"crostata","status":"publish","type":"product","link":"https:\/\/dolcituttalavita.com\/en\/prodotti\/crostata\/","title":{"rendered":"Crostata"},"content":{"rendered":"<p>Immagina una frolla che si sbriciola delicatamente sotto il palato, rivelando una deliziosa confettura o una crema pasticcera. Una crostata che fa venire l&#8217;acquolina in bocca solo a guardarla, realizzata con materie prime selezionate per offrirvi solo prodotti di ottima qualit\u00e0! Questa non \u00e8 solo una crostata, \u00e8 una coccola dopo una lunga giornata di lavoro, \u00e8 un risveglio goloso, \u00e8 un momento di puro piacere! Scegli la tua farcitura preferita!<\/p>","protected":false},"excerpt":{"rendered":"<p style=\"text-align: left;\"><strong>Prenota il ritiro<\/strong><br \/>\nSono a <strong>Lecce<\/strong> in Via <strong>M. Renato Imbriani, 42<\/strong><\/p>\n<p style=\"text-align: left;\"><strong>Dettagli ritiro<\/strong><br \/>\nTutti i giorni \u2013 dalle 14:00 alle 16:00<\/p>\n<h3><span class=\"trx_addons_alter_text\">Scegli la data del ritiro<\/span><\/h3>","protected":false},"featured_media":44201,"template":"","meta":{"_glsr_average":0,"_glsr_ranking":0,"_glsr_reviews":0,"footnotes":""},"product_cat":[202],"product_tag":[],"class_list":{"0":"post-2382","1":"product","2":"type-product","3":"status-publish","4":"has-post-thumbnail","6":"product_cat-crostate","8":"first","9":"instock","10":"sold-individually","11":"shipping-taxable","12":"purchasable","13":"product-type-booking"},"yoast_head":"<!-- This site is optimized with the Yoast SEO plugin v23.8 - https:\/\/yoast.com\/wordpress\/plugins\/seo\/ -->\n<title>Crostata - Dolci tutta la vita<\/title>\n<meta name=\"robots\" content=\"index, follow, max-snippet:-1, max-image-preview:large, max-video-preview:-1\" \/>\n<link rel=\"canonical\" href=\"https:\/\/dolcituttalavita.com\/en\/prodotti\/crostata\/\" \/>\n<meta property=\"og:locale\" content=\"en_GB\" \/>\n<meta property=\"og:type\" content=\"article\" \/>\n<meta property=\"og:title\" content=\"Crostata - Dolci tutta la vita\" \/>\n<meta property=\"og:description\" content=\"Prenota il ritiro Sono a Lecce in Via M. Renato Imbriani, 42 Dettagli ritiro Tutti i giorni \u2013 dalle 14:00 alle 16:00  Scegli la data del ritiro\" \/>\n<meta property=\"og:url\" content=\"https:\/\/dolcituttalavita.com\/en\/prodotti\/crostata\/\" \/>\n<meta property=\"og:site_name\" content=\"Dolci tutta la vita\" \/>\n<meta property=\"article:publisher\" content=\"https:\/\/www.facebook.com\/dolcituttalavita\/?locale=it_IT\" \/>\n<meta property=\"article:modified_time\" content=\"2026-02-23T11:43:34+00:00\" \/>\n<meta property=\"og:image\" content=\"https:\/\/dolcituttalavita.com\/wp-content\/uploads\/2023\/09\/crostata-1.jpg\" \/>\n\t<meta property=\"og:image:width\" content=\"1200\" \/>\n\t<meta property=\"og:image:height\" content=\"1200\" \/>\n\t<meta property=\"og:image:type\" content=\"image\/jpeg\" \/>\n<meta name=\"twitter:card\" content=\"summary_large_image\" \/>\n<meta name=\"twitter:label1\" content=\"Estimated reading time\" \/>\n\t<meta name=\"twitter:data1\" content=\"1 minute\" \/>\n<script type=\"application\/ld+json\" class=\"yoast-schema-graph\">{\"@context\":\"https:\/\/schema.org\",\"@graph\":[{\"@type\":\"WebPage\",\"@id\":\"https:\/\/dolcituttalavita.com\/prodotti\/crostata\/\",\"url\":\"https:\/\/dolcituttalavita.com\/prodotti\/crostata\/\",\"name\":\"Crostata - Dolci tutta la vita\",\"isPartOf\":{\"@id\":\"https:\/\/dolcituttalavita.com\/#website\"},\"primaryImageOfPage\":{\"@id\":\"https:\/\/dolcituttalavita.com\/prodotti\/crostata\/#primaryimage\"},\"image\":{\"@id\":\"https:\/\/dolcituttalavita.com\/prodotti\/crostata\/#primaryimage\"},\"thumbnailUrl\":\"https:\/\/dolcituttalavita.com\/wp-content\/uploads\/2023\/09\/crostata-1.jpg\",\"datePublished\":\"2023-09-24T12:21:00+00:00\",\"dateModified\":\"2026-02-23T11:43:34+00:00\",\"breadcrumb\":{\"@id\":\"https:\/\/dolcituttalavita.com\/prodotti\/crostata\/#breadcrumb\"},\"inLanguage\":\"en-GB\",\"potentialAction\":[{\"@type\":\"ReadAction\",\"target\":[\"https:\/\/dolcituttalavita.com\/prodotti\/crostata\/\"]}]},{\"@type\":\"ImageObject\",\"inLanguage\":\"en-GB\",\"@id\":\"https:\/\/dolcituttalavita.com\/prodotti\/crostata\/#primaryimage\",\"url\":\"https:\/\/dolcituttalavita.com\/wp-content\/uploads\/2023\/09\/crostata-1.jpg\",\"contentUrl\":\"https:\/\/dolcituttalavita.com\/wp-content\/uploads\/2023\/09\/crostata-1.jpg\",\"width\":1200,\"height\":1200},{\"@type\":\"BreadcrumbList\",\"@id\":\"https:\/\/dolcituttalavita.com\/prodotti\/crostata\/#breadcrumb\",\"itemListElement\":[{\"@type\":\"ListItem\",\"position\":1,\"name\":\"Home\",\"item\":\"https:\/\/dolcituttalavita.com\/\"},{\"@type\":\"ListItem\",\"position\":2,\"name\":\"Shop\",\"item\":\"https:\/\/dolcituttalavita.com\/shop\/\"},{\"@type\":\"ListItem\",\"position\":3,\"name\":\"Crostata\"}]},{\"@type\":\"WebSite\",\"@id\":\"https:\/\/dolcituttalavita.com\/#website\",\"url\":\"https:\/\/dolcituttalavita.com\/\",\"name\":\"Dolci tutta la vita\",\"description\":\"La miglior pasticceria fatta in casa per voi\",\"publisher\":{\"@id\":\"https:\/\/dolcituttalavita.com\/#organization\"},\"potentialAction\":[{\"@type\":\"SearchAction\",\"target\":{\"@type\":\"EntryPoint\",\"urlTemplate\":\"https:\/\/dolcituttalavita.com\/?s={search_term_string}\"},\"query-input\":{\"@type\":\"PropertyValueSpecification\",\"valueRequired\":true,\"valueName\":\"search_term_string\"}}],\"inLanguage\":\"en-GB\"},{\"@type\":\"Organization\",\"@id\":\"https:\/\/dolcituttalavita.com\/#organization\",\"name\":\"Dolci tutta la vita\",\"url\":\"https:\/\/dolcituttalavita.com\/\",\"logo\":{\"@type\":\"ImageObject\",\"inLanguage\":\"en-GB\",\"@id\":\"https:\/\/dolcituttalavita.com\/#\/schema\/logo\/image\/\",\"url\":\"https:\/\/dolcituttalavita.com\/wp-content\/uploads\/2023\/09\/cropped-LOGO-DOLCITUTTALAVITA_Logo-Main.png\",\"contentUrl\":\"https:\/\/dolcituttalavita.com\/wp-content\/uploads\/2023\/09\/cropped-LOGO-DOLCITUTTALAVITA_Logo-Main.png\",\"width\":1200,\"height\":1288,\"caption\":\"Dolci tutta la vita\"},\"image\":{\"@id\":\"https:\/\/dolcituttalavita.com\/#\/schema\/logo\/image\/\"},\"sameAs\":[\"https:\/\/www.facebook.com\/dolcituttalavita\/?locale=it_IT\",\"https:\/\/www.instagram.com\/dolcituttalavita\/\",\"https:\/\/www.youtube.com\/@DOLCITUTTALAVITA\"]}]}<\/script>\n<!-- \/ Yoast SEO plugin. -->","yoast_head_json":{"title":"Crostata - Dolci tutta la vita","robots":{"index":"index","follow":"follow","max-snippet":"max-snippet:-1","max-image-preview":"max-image-preview:large","max-video-preview":"max-video-preview:-1"},"canonical":"https:\/\/dolcituttalavita.com\/en\/prodotti\/crostata\/","og_locale":"en_GB","og_type":"article","og_title":"Crostata - Dolci tutta la vita","og_description":"Prenota il ritiro Sono a Lecce in Via M. Renato Imbriani, 42 Dettagli ritiro Tutti i giorni \u2013 dalle 14:00 alle 16:00  Scegli la data del ritiro","og_url":"https:\/\/dolcituttalavita.com\/en\/prodotti\/crostata\/","og_site_name":"Dolci tutta la vita","article_publisher":"https:\/\/www.facebook.com\/dolcituttalavita\/?locale=it_IT","article_modified_time":"2026-02-23T11:43:34+00:00","og_image":[{"width":1200,"height":1200,"url":"https:\/\/dolcituttalavita.com\/wp-content\/uploads\/2023\/09\/crostata-1.jpg","type":"image\/jpeg"}],"twitter_card":"summary_large_image","twitter_misc":{"Estimated reading time":"1 minute"},"schema":{"@context":"https:\/\/schema.org","@graph":[{"@type":"WebPage","@id":"https:\/\/dolcituttalavita.com\/prodotti\/crostata\/","url":"https:\/\/dolcituttalavita.com\/prodotti\/crostata\/","name":"Crostata - Dolci tutta la vita","isPartOf":{"@id":"https:\/\/dolcituttalavita.com\/#website"},"primaryImageOfPage":{"@id":"https:\/\/dolcituttalavita.com\/prodotti\/crostata\/#primaryimage"},"image":{"@id":"https:\/\/dolcituttalavita.com\/prodotti\/crostata\/#primaryimage"},"thumbnailUrl":"https:\/\/dolcituttalavita.com\/wp-content\/uploads\/2023\/09\/crostata-1.jpg","datePublished":"2023-09-24T12:21:00+00:00","dateModified":"2026-02-23T11:43:34+00:00","breadcrumb":{"@id":"https:\/\/dolcituttalavita.com\/prodotti\/crostata\/#breadcrumb"},"inLanguage":"en-GB","potentialAction":[{"@type":"ReadAction","target":["https:\/\/dolcituttalavita.com\/prodotti\/crostata\/"]}]},{"@type":"ImageObject","inLanguage":"en-GB","@id":"https:\/\/dolcituttalavita.com\/prodotti\/crostata\/#primaryimage","url":"https:\/\/dolcituttalavita.com\/wp-content\/uploads\/2023\/09\/crostata-1.jpg","contentUrl":"https:\/\/dolcituttalavita.com\/wp-content\/uploads\/2023\/09\/crostata-1.jpg","width":1200,"height":1200},{"@type":"BreadcrumbList","@id":"https:\/\/dolcituttalavita.com\/prodotti\/crostata\/#breadcrumb","itemListElement":[{"@type":"ListItem","position":1,"name":"Home","item":"https:\/\/dolcituttalavita.com\/"},{"@type":"ListItem","position":2,"name":"Shop","item":"https:\/\/dolcituttalavita.com\/shop\/"},{"@type":"ListItem","position":3,"name":"Crostata"}]},{"@type":"WebSite","@id":"https:\/\/dolcituttalavita.com\/#website","url":"https:\/\/dolcituttalavita.com\/","name":"Dolci tutta la vita","description":"La miglior pasticceria fatta in casa per voi","publisher":{"@id":"https:\/\/dolcituttalavita.com\/#organization"},"potentialAction":[{"@type":"SearchAction","target":{"@type":"EntryPoint","urlTemplate":"https:\/\/dolcituttalavita.com\/?s={search_term_string}"},"query-input":{"@type":"PropertyValueSpecification","valueRequired":true,"valueName":"search_term_string"}}],"inLanguage":"en-GB"},{"@type":"Organization","@id":"https:\/\/dolcituttalavita.com\/#organization","name":"Dolci tutta la vita","url":"https:\/\/dolcituttalavita.com\/","logo":{"@type":"ImageObject","inLanguage":"en-GB","@id":"https:\/\/dolcituttalavita.com\/#\/schema\/logo\/image\/","url":"https:\/\/dolcituttalavita.com\/wp-content\/uploads\/2023\/09\/cropped-LOGO-DOLCITUTTALAVITA_Logo-Main.png","contentUrl":"https:\/\/dolcituttalavita.com\/wp-content\/uploads\/2023\/09\/cropped-LOGO-DOLCITUTTALAVITA_Logo-Main.png","width":1200,"height":1288,"caption":"Dolci tutta la vita"},"image":{"@id":"https:\/\/dolcituttalavita.com\/#\/schema\/logo\/image\/"},"sameAs":["https:\/\/www.facebook.com\/dolcituttalavita\/?locale=it_IT","https:\/\/www.instagram.com\/dolcituttalavita\/","https:\/\/www.youtube.com\/@DOLCITUTTALAVITA"]}]}},"_links":{"self":[{"href":"https:\/\/dolcituttalavita.com\/en\/wp-json\/wp\/v2\/product\/2382","targetHints":{"allow":["GET"]}}],"collection":[{"href":"https:\/\/dolcituttalavita.com\/en\/wp-json\/wp\/v2\/product"}],"about":[{"href":"https:\/\/dolcituttalavita.com\/en\/wp-json\/wp\/v2\/types\/product"}],"version-history":[{"count":2,"href":"https:\/\/dolcituttalavita.com\/en\/wp-json\/wp\/v2\/product\/2382\/revisions"}],"predecessor-version":[{"id":50089,"href":"https:\/\/dolcituttalavita.com\/en\/wp-json\/wp\/v2\/product\/2382\/revisions\/50089"}],"wp:featuredmedia":[{"embeddable":true,"href":"https:\/\/dolcituttalavita.com\/en\/wp-json\/wp\/v2\/media\/44201"}],"wp:attachment":[{"href":"https:\/\/dolcituttalavita.com\/en\/wp-json\/wp\/v2\/media?parent=2382"}],"wp:term":[{"taxonomy":"product_cat","embeddable":true,"href":"https:\/\/dolcituttalavita.com\/en\/wp-json\/wp\/v2\/product_cat?post=2382"},{"taxonomy":"product_tag","embeddable":true,"href":"https:\/\/dolcituttalavita.com\/en\/wp-json\/wp\/v2\/product_tag?post=2382"}],"curies":[{"name":"wp","href":"https:\/\/api.w.org\/{rel}","templated":true}]}}