{"id":49560,"date":"2025-08-08T20:07:46","date_gmt":"2025-08-08T20:07:46","guid":{"rendered":"https:\/\/dolcituttalavita.com\/?post_type=product&#038;p=49560"},"modified":"2026-01-27T16:36:23","modified_gmt":"2026-01-27T16:36:23","slug":"t-shirt-donna-dolcituttalavita-tutti-cercano-la-felicita-io-mi-accontento-di-un-caffe-in-ghiaccio-con-latte-di-mandorla","status":"publish","type":"product","link":"https:\/\/dolcituttalavita.com\/en\/prodotti\/t-shirt-donna-dolcituttalavita-tutti-cercano-la-felicita-io-mi-accontento-di-un-caffe-in-ghiaccio-con-latte-di-mandorla\/","title":{"rendered":"T-Shirt Donna Dolcituttalavita Tutti cercano la felicit\u00e0 io mi accontento di un caff\u00e8 in ghiaccio con latte di mandorla"},"content":{"rendered":"<p data-start=\"348\" data-end=\"705\">Ironica, estiva e perfetta per gli amanti del caff\u00e8 in ghiaccio con latte di mandorla: questa <strong data-start=\"408\" data-end=\"432\">t-shirt donna bianca<\/strong> <strong data-start=\"444\" data-end=\"475\">100% cotone di alta qualit\u00e0 <\/strong>sfoggia la simpatica frase <em data-start=\"503\" data-end=\"596\">\u201cTutti cercano la felicit\u00e0, io mi accontento di un caff\u00e8 in ghiaccio con latte di mandorla\u201d<\/em>. Un capo ideale per chi non rinuncia mai alla propria bevanda preferita, soprattutto nelle giornate calde.<\/p>\n<p data-start=\"707\" data-end=\"975\">Realizzata in tessuto naturale e traspirante, garantisce comfort in ogni momento della giornata: dal relax a mare alle passeggiate in citt\u00e0. La vestibilit\u00e0 valorizza la silhouette.<\/p>\n<p data-start=\"977\" data-end=\"999\"><strong data-start=\"977\" data-end=\"997\">Caratteristiche:<\/strong><\/p>\n<ul data-start=\"1000\" data-end=\"1296\">\n<li data-start=\"1000\" data-end=\"1018\">\n<p data-start=\"1002\" data-end=\"1018\">Colore: bianco<\/p>\n<\/li>\n<li data-start=\"1019\" data-end=\"1054\">\n<p data-start=\"1021\" data-end=\"1054\">Taglie disponibili: S, M, L, XL<\/p>\n<\/li>\n<li data-start=\"1055\" data-end=\"1103\">\n<p data-start=\"1057\" data-end=\"1103\">Materiale: 100% cotone morbido e traspirante<\/p>\n<\/li>\n<li data-start=\"1104\" data-end=\"1226\">\n<p data-start=\"1106\" data-end=\"1226\">Stampa con scritta ironica \u201cTutti cercano la felicit\u00e0, io mi accontento di un caff\u00e8 in ghiaccio con latte di mandorla\u201d<\/p>\n<\/li>\n<li data-start=\"1227\" data-end=\"1296\">\n<p data-start=\"1229\" data-end=\"1296\">Perfetta come idea regalo per amanti del caff\u00e8 e della vita lenta.<\/p>\n<\/li>\n<\/ul>\n<p data-start=\"1298\" data-end=\"1327\"><strong data-start=\"1298\" data-end=\"1325\">Istruzioni di lavaggio:<\/strong><\/p>\n<ul data-start=\"1328\" data-end=\"1415\">\n<li data-start=\"1328\" data-end=\"1346\">\n<p data-start=\"1330\" data-end=\"1346\">Lavare a 30 \u00b0C<\/p>\n<\/li>\n<li data-start=\"1347\" data-end=\"1395\">\n<p data-start=\"1349\" data-end=\"1395\">Stirare al rovescio per preservare la stampa<\/p>\n<\/li>\n<li data-start=\"1396\" data-end=\"1415\">\n<p data-start=\"1398\" data-end=\"1415\">Non candeggiare<\/p>\n<\/li>\n<\/ul>\n<p>&nbsp;<\/p>\n<table>\n<tbody>\n<tr>\n<td>\n<div class=\"layoutArea\">\n<div class=\"column\">\n<p>Adulto:<\/p>\n<\/div>\n<\/div>\n<\/td>\n<td>\n<div class=\"layoutArea\">\n<div class=\"column\">\n<p>S<\/p>\n<\/div>\n<\/div>\n<\/td>\n<td>\n<div class=\"layoutArea\">\n<div class=\"column\">\n<p>M<\/p>\n<\/div>\n<\/div>\n<\/td>\n<td>\n<div class=\"layoutArea\">\n<div class=\"column\">\n<p>L<\/p>\n<\/div>\n<\/div>\n<\/td>\n<td>\n<div class=\"layoutArea\">\n<div class=\"column\">\n<p>XL<\/p>\n<\/div>\n<\/div>\n<\/td>\n<td>\n<div class=\"layoutArea\">\n<div class=\"column\">\n<p>&nbsp;<\/p>\n<\/div>\n<\/div>\n<\/td>\n<td><\/td>\n<\/tr>\n<tr>\n<td>WIDTH(A)<\/td>\n<td>\n<div class=\"layoutArea\">\n<div class=\"column\">\n<p>41cm<\/p>\n<\/div>\n<\/div>\n<\/td>\n<td>\n<div class=\"layoutArea\">\n<div class=\"column\">\n<p>44cm<\/p>\n<\/div>\n<\/div>\n<\/td>\n<td>\n<div class=\"layoutArea\">\n<div class=\"column\">\n<p>47cm<\/p>\n<\/div>\n<\/div>\n<\/td>\n<td>\n<div class=\"layoutArea\">\n<div class=\"column\">\n<p>50cm<\/p>\n<\/div>\n<\/div>\n<\/td>\n<td><\/td>\n<td><\/td>\n<\/tr>\n<tr>\n<td>\n<div class=\"layoutArea\">\n<div class=\"column\">\n<p>LUNGO (B)<\/p>\n<\/div>\n<\/div>\n<\/td>\n<td>\n<div class=\"layoutArea\">\n<div class=\"column\">\n<p>62cm<\/p>\n<\/div>\n<\/div>\n<\/td>\n<td>\n<div class=\"layoutArea\">\n<div class=\"column\">\n<p>64cm<\/p>\n<\/div>\n<\/div>\n<\/td>\n<td>\n<div class=\"layoutArea\">\n<div class=\"column\">\n<p>66cm<\/p>\n<\/div>\n<\/div>\n<\/td>\n<td>\n<div class=\"layoutArea\">\n<div class=\"column\">\n<p>68cm<\/p>\n<\/div>\n<\/div>\n<\/td>\n<td><\/td>\n<td><\/td>\n<\/tr>\n<\/tbody>\n<\/table>\n<div title=\"Page 1\"><\/div>\n<div class=\"page\" title=\"Page 1\">\n<div class=\"layoutArea\">\n<div class=\"column\">\n<p>[Misura presa da 1 cm sotto il giromanica \/ Misura presa dal punto piu\u0300 alto della spalla fino alla fondo del prodotto]<\/p>\n<\/div>\n<\/div>\n<\/div>","protected":false},"excerpt":{"rendered":"<p>Ironica, estiva e perfetta per gli amanti del caff\u00e8 in ghiaccio con latte di mandorla: questa t-shirt donna bianca 100% cotone di alta qualit\u00e0 sfoggia la simpatica frase \u201cTutti cercano&hellip;<\/p>","protected":false},"featured_media":49520,"template":"","meta":{"_glsr_average":0,"_glsr_ranking":0,"_glsr_reviews":0,"footnotes":""},"product_cat":[276],"product_tag":[],"class_list":{"0":"post-49560","1":"product","2":"type-product","3":"status-publish","4":"has-post-thumbnail","6":"product_cat-cheesecake","8":"first","9":"instock","10":"shipping-taxable","11":"purchasable","12":"product-type-variable"},"yoast_head":"<!-- This site is optimized with the Yoast SEO plugin v23.8 - https:\/\/yoast.com\/wordpress\/plugins\/seo\/ -->\n<title>T-Shirt Donna Dolcituttalavita Tutti cercano la felicit\u00e0 io mi accontento di un caff\u00e8 in ghiaccio con latte di mandorla<\/title>\n<meta name=\"description\" content=\"T-Shirt Donna Dolcituttalavita Tutti cercano la felicit\u00e0 io mi accontento di un caff\u00e8 in ghiaccio con latte di mandorla. Taglie S, M, L, XL.\" \/>\n<meta name=\"robots\" content=\"index, follow, max-snippet:-1, max-image-preview:large, max-video-preview:-1\" \/>\n<link rel=\"canonical\" href=\"https:\/\/dolcituttalavita.com\/en\/prodotti\/t-shirt-donna-dolcituttalavita-tutti-cercano-la-felicita-io-mi-accontento-di-un-caffe-in-ghiaccio-con-latte-di-mandorla\/\" \/>\n<meta property=\"og:locale\" content=\"en_GB\" \/>\n<meta property=\"og:type\" content=\"article\" \/>\n<meta property=\"og:title\" content=\"T-Shirt Donna Dolcituttalavita Tutti cercano la felicit\u00e0 io mi accontento di un caff\u00e8 in ghiaccio con latte di mandorla\" \/>\n<meta property=\"og:description\" content=\"T-Shirt Donna Dolcituttalavita Tutti cercano la felicit\u00e0 io mi accontento di un caff\u00e8 in ghiaccio con latte di mandorla. Taglie S, M, L, XL.\" \/>\n<meta property=\"og:url\" content=\"https:\/\/dolcituttalavita.com\/en\/prodotti\/t-shirt-donna-dolcituttalavita-tutti-cercano-la-felicita-io-mi-accontento-di-un-caffe-in-ghiaccio-con-latte-di-mandorla\/\" \/>\n<meta property=\"og:site_name\" content=\"Dolci tutta la vita\" \/>\n<meta property=\"article:publisher\" content=\"https:\/\/www.facebook.com\/dolcituttalavita\/?locale=it_IT\" \/>\n<meta property=\"article:modified_time\" content=\"2026-01-27T16:36:23+00:00\" \/>\n<meta property=\"og:image\" content=\"https:\/\/dolcituttalavita.com\/wp-content\/uploads\/2025\/08\/4.png\" \/>\n\t<meta property=\"og:image:width\" content=\"1200\" \/>\n\t<meta property=\"og:image:height\" content=\"1697\" \/>\n\t<meta property=\"og:image:type\" content=\"image\/png\" \/>\n<meta name=\"twitter:card\" content=\"summary_large_image\" \/>\n<meta name=\"twitter:label1\" content=\"Estimated reading time\" \/>\n\t<meta name=\"twitter:data1\" content=\"2 minutes\" \/>\n<script type=\"application\/ld+json\" class=\"yoast-schema-graph\">{\"@context\":\"https:\/\/schema.org\",\"@graph\":[{\"@type\":\"WebPage\",\"@id\":\"https:\/\/dolcituttalavita.com\/prodotti\/t-shirt-donna-dolcituttalavita-tutti-cercano-la-felicita-io-mi-accontento-di-un-caffe-in-ghiaccio-con-latte-di-mandorla\/\",\"url\":\"https:\/\/dolcituttalavita.com\/prodotti\/t-shirt-donna-dolcituttalavita-tutti-cercano-la-felicita-io-mi-accontento-di-un-caffe-in-ghiaccio-con-latte-di-mandorla\/\",\"name\":\"T-Shirt Donna Dolcituttalavita Tutti cercano la felicit\u00e0 io mi accontento di un caff\u00e8 in ghiaccio con latte di mandorla\",\"isPartOf\":{\"@id\":\"https:\/\/dolcituttalavita.com\/#website\"},\"primaryImageOfPage\":{\"@id\":\"https:\/\/dolcituttalavita.com\/prodotti\/t-shirt-donna-dolcituttalavita-tutti-cercano-la-felicita-io-mi-accontento-di-un-caffe-in-ghiaccio-con-latte-di-mandorla\/#primaryimage\"},\"image\":{\"@id\":\"https:\/\/dolcituttalavita.com\/prodotti\/t-shirt-donna-dolcituttalavita-tutti-cercano-la-felicita-io-mi-accontento-di-un-caffe-in-ghiaccio-con-latte-di-mandorla\/#primaryimage\"},\"thumbnailUrl\":\"https:\/\/dolcituttalavita.com\/wp-content\/uploads\/2025\/08\/4.png\",\"datePublished\":\"2025-08-08T20:07:46+00:00\",\"dateModified\":\"2026-01-27T16:36:23+00:00\",\"description\":\"T-Shirt Donna Dolcituttalavita Tutti cercano la felicit\u00e0 io mi accontento di un caff\u00e8 in ghiaccio con latte di mandorla. Taglie S, M, L, XL.\",\"breadcrumb\":{\"@id\":\"https:\/\/dolcituttalavita.com\/prodotti\/t-shirt-donna-dolcituttalavita-tutti-cercano-la-felicita-io-mi-accontento-di-un-caffe-in-ghiaccio-con-latte-di-mandorla\/#breadcrumb\"},\"inLanguage\":\"en-GB\",\"potentialAction\":[{\"@type\":\"ReadAction\",\"target\":[\"https:\/\/dolcituttalavita.com\/prodotti\/t-shirt-donna-dolcituttalavita-tutti-cercano-la-felicita-io-mi-accontento-di-un-caffe-in-ghiaccio-con-latte-di-mandorla\/\"]}]},{\"@type\":\"ImageObject\",\"inLanguage\":\"en-GB\",\"@id\":\"https:\/\/dolcituttalavita.com\/prodotti\/t-shirt-donna-dolcituttalavita-tutti-cercano-la-felicita-io-mi-accontento-di-un-caffe-in-ghiaccio-con-latte-di-mandorla\/#primaryimage\",\"url\":\"https:\/\/dolcituttalavita.com\/wp-content\/uploads\/2025\/08\/4.png\",\"contentUrl\":\"https:\/\/dolcituttalavita.com\/wp-content\/uploads\/2025\/08\/4.png\",\"width\":1200,\"height\":1697},{\"@type\":\"BreadcrumbList\",\"@id\":\"https:\/\/dolcituttalavita.com\/prodotti\/t-shirt-donna-dolcituttalavita-tutti-cercano-la-felicita-io-mi-accontento-di-un-caffe-in-ghiaccio-con-latte-di-mandorla\/#breadcrumb\",\"itemListElement\":[{\"@type\":\"ListItem\",\"position\":1,\"name\":\"Home\",\"item\":\"https:\/\/dolcituttalavita.com\/\"},{\"@type\":\"ListItem\",\"position\":2,\"name\":\"Shop\",\"item\":\"https:\/\/dolcituttalavita.com\/shop\/\"},{\"@type\":\"ListItem\",\"position\":3,\"name\":\"T-Shirt Donna Dolcituttalavita Tutti cercano la felicit\u00e0 io mi accontento di un caff\u00e8 in ghiaccio con latte di mandorla\"}]},{\"@type\":\"WebSite\",\"@id\":\"https:\/\/dolcituttalavita.com\/#website\",\"url\":\"https:\/\/dolcituttalavita.com\/\",\"name\":\"Dolci tutta la vita\",\"description\":\"La miglior pasticceria fatta in casa per voi\",\"publisher\":{\"@id\":\"https:\/\/dolcituttalavita.com\/#organization\"},\"potentialAction\":[{\"@type\":\"SearchAction\",\"target\":{\"@type\":\"EntryPoint\",\"urlTemplate\":\"https:\/\/dolcituttalavita.com\/?s={search_term_string}\"},\"query-input\":{\"@type\":\"PropertyValueSpecification\",\"valueRequired\":true,\"valueName\":\"search_term_string\"}}],\"inLanguage\":\"en-GB\"},{\"@type\":\"Organization\",\"@id\":\"https:\/\/dolcituttalavita.com\/#organization\",\"name\":\"Dolci tutta la vita\",\"url\":\"https:\/\/dolcituttalavita.com\/\",\"logo\":{\"@type\":\"ImageObject\",\"inLanguage\":\"en-GB\",\"@id\":\"https:\/\/dolcituttalavita.com\/#\/schema\/logo\/image\/\",\"url\":\"https:\/\/dolcituttalavita.com\/wp-content\/uploads\/2023\/09\/cropped-LOGO-DOLCITUTTALAVITA_Logo-Main.png\",\"contentUrl\":\"https:\/\/dolcituttalavita.com\/wp-content\/uploads\/2023\/09\/cropped-LOGO-DOLCITUTTALAVITA_Logo-Main.png\",\"width\":1200,\"height\":1288,\"caption\":\"Dolci tutta la vita\"},\"image\":{\"@id\":\"https:\/\/dolcituttalavita.com\/#\/schema\/logo\/image\/\"},\"sameAs\":[\"https:\/\/www.facebook.com\/dolcituttalavita\/?locale=it_IT\",\"https:\/\/www.instagram.com\/dolcituttalavita\/\",\"https:\/\/www.youtube.com\/@DOLCITUTTALAVITA\"]}]}<\/script>\n<!-- \/ Yoast SEO plugin. -->","yoast_head_json":{"title":"T-Shirt Donna Dolcituttalavita Tutti cercano la felicit\u00e0 io mi accontento di un caff\u00e8 in ghiaccio con latte di mandorla","description":"T-Shirt Donna Dolcituttalavita Tutti cercano la felicit\u00e0 io mi accontento di un caff\u00e8 in ghiaccio con latte di mandorla. Taglie S, M, L, XL.","robots":{"index":"index","follow":"follow","max-snippet":"max-snippet:-1","max-image-preview":"max-image-preview:large","max-video-preview":"max-video-preview:-1"},"canonical":"https:\/\/dolcituttalavita.com\/en\/prodotti\/t-shirt-donna-dolcituttalavita-tutti-cercano-la-felicita-io-mi-accontento-di-un-caffe-in-ghiaccio-con-latte-di-mandorla\/","og_locale":"en_GB","og_type":"article","og_title":"T-Shirt Donna Dolcituttalavita Tutti cercano la felicit\u00e0 io mi accontento di un caff\u00e8 in ghiaccio con latte di mandorla","og_description":"T-Shirt Donna Dolcituttalavita Tutti cercano la felicit\u00e0 io mi accontento di un caff\u00e8 in ghiaccio con latte di mandorla. Taglie S, M, L, XL.","og_url":"https:\/\/dolcituttalavita.com\/en\/prodotti\/t-shirt-donna-dolcituttalavita-tutti-cercano-la-felicita-io-mi-accontento-di-un-caffe-in-ghiaccio-con-latte-di-mandorla\/","og_site_name":"Dolci tutta la vita","article_publisher":"https:\/\/www.facebook.com\/dolcituttalavita\/?locale=it_IT","article_modified_time":"2026-01-27T16:36:23+00:00","og_image":[{"width":1200,"height":1697,"url":"https:\/\/dolcituttalavita.com\/wp-content\/uploads\/2025\/08\/4.png","type":"image\/png"}],"twitter_card":"summary_large_image","twitter_misc":{"Estimated reading time":"2 minutes"},"schema":{"@context":"https:\/\/schema.org","@graph":[{"@type":"WebPage","@id":"https:\/\/dolcituttalavita.com\/prodotti\/t-shirt-donna-dolcituttalavita-tutti-cercano-la-felicita-io-mi-accontento-di-un-caffe-in-ghiaccio-con-latte-di-mandorla\/","url":"https:\/\/dolcituttalavita.com\/prodotti\/t-shirt-donna-dolcituttalavita-tutti-cercano-la-felicita-io-mi-accontento-di-un-caffe-in-ghiaccio-con-latte-di-mandorla\/","name":"T-Shirt Donna Dolcituttalavita Tutti cercano la felicit\u00e0 io mi accontento di un caff\u00e8 in ghiaccio con latte di mandorla","isPartOf":{"@id":"https:\/\/dolcituttalavita.com\/#website"},"primaryImageOfPage":{"@id":"https:\/\/dolcituttalavita.com\/prodotti\/t-shirt-donna-dolcituttalavita-tutti-cercano-la-felicita-io-mi-accontento-di-un-caffe-in-ghiaccio-con-latte-di-mandorla\/#primaryimage"},"image":{"@id":"https:\/\/dolcituttalavita.com\/prodotti\/t-shirt-donna-dolcituttalavita-tutti-cercano-la-felicita-io-mi-accontento-di-un-caffe-in-ghiaccio-con-latte-di-mandorla\/#primaryimage"},"thumbnailUrl":"https:\/\/dolcituttalavita.com\/wp-content\/uploads\/2025\/08\/4.png","datePublished":"2025-08-08T20:07:46+00:00","dateModified":"2026-01-27T16:36:23+00:00","description":"T-Shirt Donna Dolcituttalavita Tutti cercano la felicit\u00e0 io mi accontento di un caff\u00e8 in ghiaccio con latte di mandorla. Taglie S, M, L, XL.","breadcrumb":{"@id":"https:\/\/dolcituttalavita.com\/prodotti\/t-shirt-donna-dolcituttalavita-tutti-cercano-la-felicita-io-mi-accontento-di-un-caffe-in-ghiaccio-con-latte-di-mandorla\/#breadcrumb"},"inLanguage":"en-GB","potentialAction":[{"@type":"ReadAction","target":["https:\/\/dolcituttalavita.com\/prodotti\/t-shirt-donna-dolcituttalavita-tutti-cercano-la-felicita-io-mi-accontento-di-un-caffe-in-ghiaccio-con-latte-di-mandorla\/"]}]},{"@type":"ImageObject","inLanguage":"en-GB","@id":"https:\/\/dolcituttalavita.com\/prodotti\/t-shirt-donna-dolcituttalavita-tutti-cercano-la-felicita-io-mi-accontento-di-un-caffe-in-ghiaccio-con-latte-di-mandorla\/#primaryimage","url":"https:\/\/dolcituttalavita.com\/wp-content\/uploads\/2025\/08\/4.png","contentUrl":"https:\/\/dolcituttalavita.com\/wp-content\/uploads\/2025\/08\/4.png","width":1200,"height":1697},{"@type":"BreadcrumbList","@id":"https:\/\/dolcituttalavita.com\/prodotti\/t-shirt-donna-dolcituttalavita-tutti-cercano-la-felicita-io-mi-accontento-di-un-caffe-in-ghiaccio-con-latte-di-mandorla\/#breadcrumb","itemListElement":[{"@type":"ListItem","position":1,"name":"Home","item":"https:\/\/dolcituttalavita.com\/"},{"@type":"ListItem","position":2,"name":"Shop","item":"https:\/\/dolcituttalavita.com\/shop\/"},{"@type":"ListItem","position":3,"name":"T-Shirt Donna Dolcituttalavita Tutti cercano la felicit\u00e0 io mi accontento di un caff\u00e8 in ghiaccio con latte di mandorla"}]},{"@type":"WebSite","@id":"https:\/\/dolcituttalavita.com\/#website","url":"https:\/\/dolcituttalavita.com\/","name":"Dolci tutta la vita","description":"La miglior pasticceria fatta in casa per voi","publisher":{"@id":"https:\/\/dolcituttalavita.com\/#organization"},"potentialAction":[{"@type":"SearchAction","target":{"@type":"EntryPoint","urlTemplate":"https:\/\/dolcituttalavita.com\/?s={search_term_string}"},"query-input":{"@type":"PropertyValueSpecification","valueRequired":true,"valueName":"search_term_string"}}],"inLanguage":"en-GB"},{"@type":"Organization","@id":"https:\/\/dolcituttalavita.com\/#organization","name":"Dolci tutta la vita","url":"https:\/\/dolcituttalavita.com\/","logo":{"@type":"ImageObject","inLanguage":"en-GB","@id":"https:\/\/dolcituttalavita.com\/#\/schema\/logo\/image\/","url":"https:\/\/dolcituttalavita.com\/wp-content\/uploads\/2023\/09\/cropped-LOGO-DOLCITUTTALAVITA_Logo-Main.png","contentUrl":"https:\/\/dolcituttalavita.com\/wp-content\/uploads\/2023\/09\/cropped-LOGO-DOLCITUTTALAVITA_Logo-Main.png","width":1200,"height":1288,"caption":"Dolci tutta la vita"},"image":{"@id":"https:\/\/dolcituttalavita.com\/#\/schema\/logo\/image\/"},"sameAs":["https:\/\/www.facebook.com\/dolcituttalavita\/?locale=it_IT","https:\/\/www.instagram.com\/dolcituttalavita\/","https:\/\/www.youtube.com\/@DOLCITUTTALAVITA"]}]}},"_links":{"self":[{"href":"https:\/\/dolcituttalavita.com\/en\/wp-json\/wp\/v2\/product\/49560","targetHints":{"allow":["GET"]}}],"collection":[{"href":"https:\/\/dolcituttalavita.com\/en\/wp-json\/wp\/v2\/product"}],"about":[{"href":"https:\/\/dolcituttalavita.com\/en\/wp-json\/wp\/v2\/types\/product"}],"version-history":[{"count":3,"href":"https:\/\/dolcituttalavita.com\/en\/wp-json\/wp\/v2\/product\/49560\/revisions"}],"predecessor-version":[{"id":49567,"href":"https:\/\/dolcituttalavita.com\/en\/wp-json\/wp\/v2\/product\/49560\/revisions\/49567"}],"wp:featuredmedia":[{"embeddable":true,"href":"https:\/\/dolcituttalavita.com\/en\/wp-json\/wp\/v2\/media\/49520"}],"wp:attachment":[{"href":"https:\/\/dolcituttalavita.com\/en\/wp-json\/wp\/v2\/media?parent=49560"}],"wp:term":[{"taxonomy":"product_cat","embeddable":true,"href":"https:\/\/dolcituttalavita.com\/en\/wp-json\/wp\/v2\/product_cat?post=49560"},{"taxonomy":"product_tag","embeddable":true,"href":"https:\/\/dolcituttalavita.com\/en\/wp-json\/wp\/v2\/product_tag?post=49560"}],"curies":[{"name":"wp","href":"https:\/\/api.w.org\/{rel}","templated":true}]}}